{"id":1264,"date":"2024-11-22T06:25:56","date_gmt":"2024-11-22T06:25:56","guid":{"rendered":"https:\/\/alfakherwelt.de\/?post_type=product&#038;p=1264"},"modified":"2025-09-06T00:41:05","modified_gmt":"2025-09-06T00:41:05","slug":"al-fakher-crown-bar-8000-inhalaciones-cigarrillo-electronico-desechable-maracuya-dulce-18","status":"publish","type":"product","link":"https:\/\/alfakherwelt.de\/es\/producto\/al-fakher-crown-bar-8000-inhalaciones-cigarrillo-electronico-desechable-maracuya-dulce-18\/","title":{"rendered":"Airmez Matrix 25000 Z\u00fcge Einweg E Zigarette \u2013 Dragon Fruit Lemonade \n\nse convierte en \n\nAirmez Matrix 25000 tiradas cigarrillo electr\u00f3nico desechable \u2013 Dragon Fruit Lemonade"},"content":{"rendered":"<h3><a href=\"https:\/\/alfakherwelt.de\/es\/categoria-de-producto\/matriz-airmez-25000\/\">Airmez Matrix 25000<\/a> Cigarrillo electr\u00f3nico desechable: Innovaci\u00f3n en el placer de vapear en Alemania<\/h3>\n<div style=\"width: 1020px;\" class=\"wp-video\"><video class=\"wp-video-shortcode\" id=\"video-1264-1\" width=\"1020\" height=\"1020\" preload=\"metadata\" controls=\"controls\"><source type=\"video\/mp4\" src=\"https:\/\/alfakherwelt.de\/wp-content\/uploads\/2024\/11\/Airmez-Matrix-25000-3.mp4?_=1\" \/><a href=\"https:\/\/alfakherwelt.de\/wp-content\/uploads\/2024\/11\/Airmez-Matrix-25000-3.mp4\">https:\/\/alfakherwelt.de\/wp-content\/uploads\/2024\/11\/Airmez-Matrix-25000-3.mp4<\/a><\/video><\/div>\n<h2><a href=\"https:\/\/alfakherwelt.de\/es\/categoria-de-producto\/matriz-airmez-25000\/\">Airmez Matrix 25000<\/a> Disposable Vape - Innovadora experiencia de vapeo para Alemania<\/h2>\n<p>La <strong>Airmez Matrix 25000<\/strong> Es la elecci\u00f3n ideal para todos aquellos que buscan un cigarrillo electr\u00f3nico desechable con caracter\u00edsticas excepcionales. Como uno de los dispositivos m\u00e1s avanzados del mercado, la Matrix 25000 combina una alta funcionalidad, un dise\u00f1o moderno y un n\u00famero impresionante de caladas, que garantizan una experiencia de vapeo inigualable. Disponible exclusivamente en <a href=\"https:\/\/alfakherwelt.de\/es\/\" target=\"_new\" rel=\"noopener\">alfakherwelt.de<\/a>, el proveedor l\u00edder de Vapes desechables en Alemania.<\/p>\n<hr \/>\n<h2><strong>Descripci\u00f3n del producto: La tecnolog\u00eda avanzada se encuentra con la comodidad del usuario<\/strong><\/h2>\n<p>La Airmez Matrix 25000 es m\u00e1s que un simple cigarrillo electr\u00f3nico desechable. Establece nuevos est\u00e1ndares en el mundo del vapeo al combinar tecnolog\u00eda de vanguardia y una operaci\u00f3n intuitiva. Equipado con una pantalla t\u00e1ctil de 2,1 pulgadas, ofrece una interfaz f\u00e1cil de usar que permite personalizar los ajustes seg\u00fan sus preferencias. Ya sea que elija el modo normal para 25.000 caladas o el modo Boost para 15.000 caladas m\u00e1s intensas, la Matrix 25000 ofrece flexibilidad y rendimiento.<\/p>\n<p>Gracias a las innovadoras bobinas Dual-Mesh, los aromas del eL\u00edquido se despliegan de manera especialmente intensa. La funci\u00f3n de flujo de aire ajustable permite una adaptaci\u00f3n individual de la resistencia a la aspiraci\u00f3n - perfecta para cada gusto.<\/p>\n<hr \/>\n<h2><strong>Hauptmerkmale der <a href=\"https:\/\/alfakherwelt.de\/es\/categoria-de-producto\/matriz-airmez-25000\/\">Airmez Matrix 25000<\/a><\/strong><\/h2>\n<ul>\n<li><strong>Maximales Z\u00fcge:<\/strong> 25.000 en modo normal \/ 15.000 en modo turbo<\/li>\n<li><strong>Nikotina fuerza:<\/strong> 5 % (50 mg) para una experiencia de vapeo satisfactoria<\/li>\n<li><strong>Elemento calefactor:<\/strong> Bobinas de doble malla para experiencias de sabor intensas<\/li>\n<li><strong>Pantalla t\u00e1ctil:<\/strong> Pantalla de 2,1 pulgadas con indicador de bater\u00eda y eLiquid<\/li>\n<li><strong>Control de flujo de aire:<\/strong> Resistencia de arrastre ajustable para un confort individual<\/li>\n<li><strong>Modos de operaci\u00f3n:<\/strong> Normal y Boost<\/li>\n<li><strong>Carga USB tipo C:<\/strong> Carga r\u00e1pida y eficiente<\/li>\n<li><strong>Entretenimiento integrado:<\/strong> Descubre funciones adicionales para diversi\u00f3n y eficiencia<\/li>\n<\/ul>\n<hr \/>\n<h2><strong>Por qu\u00e9 la Airmez Matrix 25000?<\/strong><\/h2>\n<ol>\n<li><strong>Tecnolog\u00eda y confort:<\/strong> La combinaci\u00f3n de pantalla t\u00e1ctil y facilidad de uso garantiza una experiencia de vapeo perfecta.<\/li>\n<li><strong>Duradero placer:<\/strong> Con hasta 25.000 bocanadas, la Matrix 25000 es perfecta para vapear de manera prolongada.<\/li>\n<li><strong>Aromas intensos:<\/strong> Gracias a las bobinas de doble malla, los aromas se elevan a un nuevo nivel.<\/li>\n<li><strong>Ajuste individual:<\/strong> Caudal de aire ajustable y dos modos de potencia ofrecen una experiencia personalizada.<\/li>\n<li><strong>Seguridad e Innovaci\u00f3n:<\/strong> Una indicaci\u00f3n de bater\u00eda fiable y la carga USB-C hacen que el dispositivo sea seguro y est\u00e9 preparado para el futuro.<\/li>\n<\/ol>\n<p><img loading=\"lazy\" decoding=\"async\" class=\"alignnone wp-image-1246 size-full\" src=\"https:\/\/alfakherwelt.de\/wp-content\/uploads\/2024\/11\/Airmez-Matrix-25000-2.webp\" alt=\"Airmez Matrix 25000 Z\u00fcge Einweg E Zigarette - Dragon Fruit Lemonade becomes Airmez Matrix 25000 Z\u00fcge Disposable E-Cigarette - Dragon Fruit Lemonade\" width=\"1280\" height=\"1280\" title=\"\" srcset=\"https:\/\/alfakherwelt.de\/wp-content\/uploads\/2024\/11\/Airmez-Matrix-25000-2.webp 1280w, https:\/\/alfakherwelt.de\/wp-content\/uploads\/2024\/11\/Airmez-Matrix-25000-2-300x300.webp 300w, https:\/\/alfakherwelt.de\/wp-content\/uploads\/2024\/11\/Airmez-Matrix-25000-2-1024x1024.webp 1024w, https:\/\/alfakherwelt.de\/wp-content\/uploads\/2024\/11\/Airmez-Matrix-25000-2-150x150.webp 150w, https:\/\/alfakherwelt.de\/wp-content\/uploads\/2024\/11\/Airmez-Matrix-25000-2-768x768.webp 768w, https:\/\/alfakherwelt.de\/wp-content\/uploads\/2024\/11\/Airmez-Matrix-25000-2-12x12.webp 12w, https:\/\/alfakherwelt.de\/wp-content\/uploads\/2024\/11\/Airmez-Matrix-25000-2-600x600.webp 600w, https:\/\/alfakherwelt.de\/wp-content\/uploads\/2024\/11\/Airmez-Matrix-25000-2-100x100.webp 100w\" sizes=\"auto, (max-width: 1280px) 100vw, 1280px\" \/><\/p>\n<h2><strong>Descripci\u00f3n del sabor: Dragon Fruit Limonada<\/strong><\/h2>\n<p>El sabor <strong>Limonada de Pitahaya<\/strong> Es un destaque ex\u00f3tico que aviva sus sentidos. La dulzura afrutada de la fruta del drag\u00f3n se fusiona armoniosamente con la frescura chispeante de una limonada de lim\u00f3n. Cada sorbo despliega una explosi\u00f3n de aromas tropicales que est\u00e1n perfectamente coordinados entre s\u00ed.<\/p>\n<p>La fruta del drag\u00f3n otorga una textura aterciopelada y notas sutiles de mel\u00f3n y kiwi, mientras que el lim\u00f3n destaca con una acidez refrescante. Esta combinaci\u00f3n ofrece no solo un placer afrutado, sino tambi\u00e9n una experiencia emocionante y estimulante - ideal para d\u00edas calurosos de verano o momentos que requieren un peque\u00f1o descanso de la vida diaria.<\/p>\n<hr \/>\n<h2><strong>Ahora <a href=\"https:\/\/alfakherwelt.de\/es\/categoria-de-producto\/matriz-airmez-25000\/\">Airmez Matrix 25000<\/a> comprar<\/strong><\/h2>\n<p>Experimente lo mejor de la tecnolog\u00eda y el sabor con Airmez Matrix 25000 - Su pr\u00f3ximo cigarrillo electr\u00f3nico desechable, exclusivamente en <a href=\"https:\/\/alfakherwelt.de\/es\/\" target=\"_new\" rel=\"noopener\">alfakherwelt.de<\/a>Descubra las ventajas de un dispositivo de vapeo moderno que destaca por su calidad, estilo y durabilidad.<\/p>\n<p>Haga que cada viaje sea un momento de placer \u00a1y ordene ahora!<\/p>","protected":false},"excerpt":{"rendered":"<div class=\"flex-shrink-0 flex flex-col relative items-end\">\n<div class=\"pt-0\">\n<div class=\"gizmo-shadow-stroke flex h-8 w-8 items-center justify-center overflow-hidden rounded-full\">\n<div class=\"h-full w-full\">La <strong>Airmez Matrix 25000<\/strong> Es una innovadora cigarrillo electr\u00f3nico desechable con hasta 25.000 caladas, bobinas de doble malla para un sabor intenso, control de flujo de aire ajustable y una pantalla t\u00e1ctil de 2,1 pulgadas para una experiencia de vapeo moderna y f\u00e1cil de usar.<\/div>\n<\/div>\n<\/div>\n<\/div>","protected":false},"featured_media":1256,"comment_status":"open","ping_status":"closed","template":"","meta":[],"product_brand":[],"product_cat":[53],"product_tag":[],"class_list":{"0":"post-1264","1":"product","2":"type-product","3":"status-publish","4":"has-post-thumbnail","6":"product_cat-airmez-matrix-25000","8":"first","9":"instock","10":"sale","11":"shipping-taxable","12":"purchasable","13":"product-type-simple"},"jetpack_sharing_enabled":true,"_links":{"self":[{"href":"https:\/\/alfakherwelt.de\/es\/wp-json\/wp\/v2\/product\/1264","targetHints":{"allow":["GET"]}}],"collection":[{"href":"https:\/\/alfakherwelt.de\/es\/wp-json\/wp\/v2\/product"}],"about":[{"href":"https:\/\/alfakherwelt.de\/es\/wp-json\/wp\/v2\/types\/product"}],"replies":[{"embeddable":true,"href":"https:\/\/alfakherwelt.de\/es\/wp-json\/wp\/v2\/comments?post=1264"}],"wp:featuredmedia":[{"embeddable":true,"href":"https:\/\/alfakherwelt.de\/es\/wp-json\/wp\/v2\/media\/1256"}],"wp:attachment":[{"href":"https:\/\/alfakherwelt.de\/es\/wp-json\/wp\/v2\/media?parent=1264"}],"wp:term":[{"taxonomy":"product_brand","embeddable":true,"href":"https:\/\/alfakherwelt.de\/es\/wp-json\/wp\/v2\/product_brand?post=1264"},{"taxonomy":"product_cat","embeddable":true,"href":"https:\/\/alfakherwelt.de\/es\/wp-json\/wp\/v2\/product_cat?post=1264"},{"taxonomy":"product_tag","embeddable":true,"href":"https:\/\/alfakherwelt.de\/es\/wp-json\/wp\/v2\/product_tag?post=1264"}],"curies":[{"name":"wp","href":"https:\/\/api.w.org\/{rel}","templated":true}]}}