{"id":1263,"date":"2024-11-22T06:25:54","date_gmt":"2024-11-22T06:25:54","guid":{"rendered":"https:\/\/alfakherwelt.de\/?post_type=product&#038;p=1263"},"modified":"2025-09-06T00:41:24","modified_gmt":"2025-09-06T00:41:24","slug":"al-fakher-crown-bar-8000-inhalaciones-cigarrillo-electronico-desechable-maracuya-dulce-17","status":"publish","type":"product","link":"https:\/\/alfakherwelt.de\/es\/producto\/al-fakher-crown-bar-8000-inhalaciones-cigarrillo-electronico-desechable-maracuya-dulce-17\/","title":{"rendered":"Airmez Matrix 25000 Z\u00fcge Einweg E Zigarette \u2013 Desert Bloom Delight\n\nAirmez Matrix 25000 tiradas cigarrillo electr\u00f3nico desechable - Delicia de floraci\u00f3n del desierto"},"content":{"rendered":"<h2><\/h2>\n<div style=\"width: 1020px;\" class=\"wp-video\"><video class=\"wp-video-shortcode\" id=\"video-1263-1\" width=\"1020\" height=\"1020\" preload=\"metadata\" controls=\"controls\"><source type=\"video\/mp4\" src=\"https:\/\/alfakherwelt.de\/wp-content\/uploads\/2024\/11\/Airmez-Matrix-25000-3.mp4?_=1\" \/><a href=\"https:\/\/alfakherwelt.de\/wp-content\/uploads\/2024\/11\/Airmez-Matrix-25000-3.mp4\">https:\/\/alfakherwelt.de\/wp-content\/uploads\/2024\/11\/Airmez-Matrix-25000-3.mp4<\/a><\/video><\/div>\n<h2><a href=\"https:\/\/alfakherwelt.de\/es\/categoria-de-producto\/matriz-airmez-25000\/\">Airmez Matrix 25000<\/a> La elecci\u00f3n definitiva para cigarrillos electr\u00f3nicos desechables en Alemania<\/h2>\n<h4><strong>Descripci\u00f3n detallada del producto<\/strong><\/h4>\n<p>La Airmez Matrix 25000 revoluciona la experiencia de los cigarrillos electr\u00f3nicos desechables. Con tecnolog\u00eda de vanguardia y un dise\u00f1o de primera clase, este dispositivo ofrece una combinaci\u00f3n sin precedentes de potencia, facilidad de uso y estilo. Equipado con un <strong>Pantalla t\u00e1ctil de 2,1 pulgadas<\/strong>, dos modos de fuego y un flujo de aire ajustable, la Matrix 25K se adapta perfectamente a sus necesidades individuales. Este vape de un solo uso permite experiencias impresionantes <strong>hasta 25.000 trenes<\/strong> en modo normal y 15.000 caladas en modo boost - ideal para un uso prolongado y experiencias de sabor intensas.<\/p>\n<p>El potente <strong>N\u00facleo calefactor de bobina de doble malla<\/strong> garantiza una distribuci\u00f3n de calor uniforme que hace que los sabores de tus eJuices se aprovechen al m\u00e1ximo. Las pantallas integradas para el estado de la bater\u00eda y del eL\u00edquido hacen que su uso sea a\u00fan m\u00e1s c\u00f3modo. Con <strong>Carga USB-C<\/strong> La matriz 25000 est\u00e1 lista r\u00e1pidamente y de manera sencilla, mientras que el flujo de aire ajustable garantiza un placer individual.<\/p>\n<h4><strong>Caracter\u00edsticas principales<\/strong><\/h4>\n<ul>\n<li><strong>Maximales Z\u00fcge:<\/strong> 25.000 (modo normal) | 15.000 (modo de impulso)<\/li>\n<li><strong>Contenido de nicotina:<\/strong> 5 % (50 mg)<\/li>\n<li><strong>Pantalla t\u00e1ctil:<\/strong> 5,3 cm con operaci\u00f3n intuitiva<\/li>\n<li><strong>Control de flujo de aire:<\/strong> Para una resistencia \u00f3ptima al tiro<\/li>\n<li><strong>Elemento calefactor:<\/strong> Bobinas de doble malla para un sabor intenso<\/li>\n<li><strong>Conexi\u00f3n de carga:<\/strong> USB tipo C<\/li>\n<li><strong>Indicadores:<\/strong> Indicador de estado de la bater\u00eda y del l\u00edquido electr\u00f3nico<\/li>\n<li><strong>Modos de fuego:<\/strong> Normal y Boost<\/li>\n<li><strong>Funci\u00f3n de entretenimiento:<\/strong> Para entretenimiento adicional<\/li>\n<\/ul>\n<h4><strong>Mundo de sabores de Airmez Matrix 25000<\/strong><\/h4>\n<p><strong>Desierto Floral Deleite<\/strong>Esta \u00fanica combinaci\u00f3n de sabores une la dulzura de las frutas del desierto con un toque de notas florales y una frescura sutil. Al inhalar, se despliega un sabor rico y similar al miel, mientras que al exhalar deja un suave y floral retrogusto. Perfecto para aquellos que buscan una experiencia de vapeo ex\u00f3tica y a la vez relajante.<\/p>\n<p>Con el Airmez Matrix 25000 puedes experimentar el mundo de los aromas como nunca antes. La combinaci\u00f3n de alta calidad de eJuice garantiza que cada calada ofrezca una experiencia incomparable. Ya sea dulce, afrutado o refrescante, la Matrix 25000 trae la diversidad directamente a ti.<\/p>\n<p><img loading=\"lazy\" decoding=\"async\" class=\"alignnone wp-image-1247 size-full\" src=\"https:\/\/alfakherwelt.de\/wp-content\/uploads\/2024\/11\/Airmez-Matrix-25000.webp\" alt=\"Airmez Matrix 25000 Z\u00fcge Einweg E Zigarette - Desert Bloom DelightAirmez Matrix 25000 cigarrillos electr\u00f3nicos desechables - Delicia de floraci\u00f3n del desierto\" width=\"1016\" height=\"1452\" title=\"\" srcset=\"https:\/\/alfakherwelt.de\/wp-content\/uploads\/2024\/11\/Airmez-Matrix-25000.webp 1016w, https:\/\/alfakherwelt.de\/wp-content\/uploads\/2024\/11\/Airmez-Matrix-25000-210x300.webp 210w, https:\/\/alfakherwelt.de\/wp-content\/uploads\/2024\/11\/Airmez-Matrix-25000-717x1024.webp 717w, https:\/\/alfakherwelt.de\/wp-content\/uploads\/2024\/11\/Airmez-Matrix-25000-768x1098.webp 768w, https:\/\/alfakherwelt.de\/wp-content\/uploads\/2024\/11\/Airmez-Matrix-25000-8x12.webp 8w, https:\/\/alfakherwelt.de\/wp-content\/uploads\/2024\/11\/Airmez-Matrix-25000-600x857.webp 600w\" sizes=\"auto, (max-width: 1016px) 100vw, 1016px\" \/><\/p>\n<h4><strong>Por qu\u00e9 la <a href=\"https:\/\/alfakherwelt.de\/es\/categoria-de-producto\/matriz-airmez-25000\/\">Airmez Matrix 25000<\/a> \u00bfComprar?<\/strong><\/h4>\n<ul>\n<li><strong>Larga vida \u00fatil:<\/strong> Hasta 25.000 disparos garantizan un uso de meses.<\/li>\n<li><strong>Procesamiento de alta calidad:<\/strong> Dise\u00f1o robusto y elegante con tecnolog\u00eda de \u00faltima generaci\u00f3n.<\/li>\n<li><strong>Amigable para el usuario<\/strong> Pantalla t\u00e1ctil intuitiva para un manejo sencillo.<\/li>\n<li><strong>Sabores \u00fanicos:<\/strong> Sabor intenso gracias a las bobinas de doble malla.<\/li>\n<li><strong>Compra c\u00f3moda:<\/strong> Vis\u00edtenos en <a href=\"https:\/\/alfakherwelt.de\/es\/\"><strong>alfakherwelt.de<\/strong><\/a>, la mayor plataforma para vapeadores desechables en Alemania.<\/li>\n<\/ul>\n<h4><strong>Integraci\u00f3n en su estilo de vida<\/strong><\/h4>\n<p>Ya sea de viaje, en el trabajo o en el tiempo libre, la Airmez Matrix 25000 es su compa\u00f1ero de confianza. Gracias a su dise\u00f1o compacto y tecnolog\u00eda avanzada, es ideal tanto para vapeadores experimentados como para principiantes. La posibilidad de elegir entre el modo normal y el modo boost le brinda la libertad de adaptar el vapeo a su estado de \u00e1nimo y necesidades.<\/p>\n<hr \/>\n<p><strong>Viva lo mejor de <a href=\"https:\/\/alfakherwelt.de\/es\/\">Vapes desechables<\/a> - Ordene ahora su Airmez Matrix 25000 en <a href=\"https:\/\/alfakherwelt.de\/es\/\">alfakherwelt.de<\/a> y d\u00e9jese convencer por la calidad.<\/strong><\/p>","protected":false},"excerpt":{"rendered":"<div class=\"flex-shrink-0 flex flex-col relative items-end\">\n<div class=\"pt-0\">\n<div class=\"gizmo-shadow-stroke flex h-8 w-8 items-center justify-center overflow-hidden rounded-full\">\n<div class=\"h-full w-full\">\n<div class=\"flex-shrink-0 flex flex-col relative items-end\">\n<div class=\"pt-0\">\n<div class=\"gizmo-shadow-stroke flex h-8 w-8 items-center justify-center overflow-hidden rounded-full\">\n<div class=\"h-full w-full\">\n<div class=\"gizmo-shadow-stroke overflow-hidden rounded-full\">\n<div class=\"flex-1 overflow-hidden\">\n<div class=\"h-full\">\n<div class=\"react-scroll-to-bottom--css-nphjn-79elbk h-full\">\n<div class=\"react-scroll-to-bottom--css-nphjn-1n7m0yu\">\n<div class=\"flex flex-col text-sm md:pb-9\">\n<article class=\"w-full scroll-mb-[var(--thread-trailing-height,150px)] text-token-text-primary focus-visible:outline-2 focus-visible:outline-offset-[-4px]\" dir=\"auto\" data-testid=\"conversation-turn-5\" data-scroll-anchor=\"true\">\n<div class=\"m-auto text-base py-[18px] px-3 md:px-4 w-full md:px-5 lg:px-4 xl:px-5\">\n<div class=\"mx-auto flex flex-1 gap-4 text-base md:gap-5 lg:gap-6 md:max-w-3xl lg:max-w-[40rem] xl:max-w-[48rem]\">\n<div class=\"group\/conversation-turn relative flex w-full min-w-0 flex-col agent-turn\">\n<div class=\"flex-col gap-1 md:gap-3\">\n<div class=\"flex max-w-full flex-col flex-grow\">\n<div class=\"min-h-8 text-message flex w-full flex-col items-end gap-2 whitespace-normal break-words [.text-message+&amp;]:mt-5\" dir=\"auto\" data-message-author-role=\"assistant\" data-message-id=\"1982dcee-f0f5-4cfa-a269-fdbaed43d922\" data-message-model-slug=\"gpt-4o\">\n<div class=\"flex w-full flex-col gap-1 empty:hidden first:pt-[3px]\">\n<div class=\"markdown prose w-full break-words dark:prose-invert light\">\n<p>La<strong> Airmez Matrix 25000<\/strong> Es una cigarrillo electr\u00f3nico desechable revolucionario con 25.000 caladas, bobinas de doble malla, flujo de aire ajustable, pantalla t\u00e1ctil de 2,1 pulgadas y sabores intensos que ofrecen una experiencia de vapeo incomparable.<\/p>\n<\/div>\n<\/div>\n<\/div>\n<\/div>\n<div class=\"pr-2 lg:pr-0\"><\/div>\n<div class=\"mt-3 w-full empty:hidden\">\n<div class=\"text-center\"><\/div>\n<\/div>\n<\/div>\n<div class=\"absolute\">\n<div class=\"flex items-center justify-center\"><\/div>\n<\/div>\n<\/div>\n<\/div>\n<\/div>\n<\/article>\n<\/div>\n<\/div>\n<\/div>\n<\/div>\n<\/div>\n<div class=\"md:pt-0 dark:border-white\/20 md:border-transparent md:dark:border-transparent w-full\">\n<div>\n<div class=\"m-auto text-base px-3 md:px-4 w-full md:px-5 lg:px-4 xl:px-5\">\n<div class=\"mx-auto flex flex-1 gap-4 text-base md:gap-5 lg:gap-6 md:max-w-3xl lg:max-w-[40rem] xl:max-w-[48rem]\">\n<div class=\"flex justify-center\"><\/div>\n<\/div>\n<\/div>\n<\/div>\n<\/div>\n<\/div>\n<\/div>\n<\/div>\n<\/div>\n<\/div>\n<\/div>\n<\/div>\n<\/div>\n<\/div>","protected":false},"featured_media":1255,"comment_status":"open","ping_status":"closed","template":"","meta":[],"product_brand":[],"product_cat":[53],"product_tag":[],"class_list":{"0":"post-1263","1":"product","2":"type-product","3":"status-publish","4":"has-post-thumbnail","6":"product_cat-airmez-matrix-25000","8":"first","9":"instock","10":"sale","11":"shipping-taxable","12":"purchasable","13":"product-type-simple"},"jetpack_sharing_enabled":true,"_links":{"self":[{"href":"https:\/\/alfakherwelt.de\/es\/wp-json\/wp\/v2\/product\/1263","targetHints":{"allow":["GET"]}}],"collection":[{"href":"https:\/\/alfakherwelt.de\/es\/wp-json\/wp\/v2\/product"}],"about":[{"href":"https:\/\/alfakherwelt.de\/es\/wp-json\/wp\/v2\/types\/product"}],"replies":[{"embeddable":true,"href":"https:\/\/alfakherwelt.de\/es\/wp-json\/wp\/v2\/comments?post=1263"}],"wp:featuredmedia":[{"embeddable":true,"href":"https:\/\/alfakherwelt.de\/es\/wp-json\/wp\/v2\/media\/1255"}],"wp:attachment":[{"href":"https:\/\/alfakherwelt.de\/es\/wp-json\/wp\/v2\/media?parent=1263"}],"wp:term":[{"taxonomy":"product_brand","embeddable":true,"href":"https:\/\/alfakherwelt.de\/es\/wp-json\/wp\/v2\/product_brand?post=1263"},{"taxonomy":"product_cat","embeddable":true,"href":"https:\/\/alfakherwelt.de\/es\/wp-json\/wp\/v2\/product_cat?post=1263"},{"taxonomy":"product_tag","embeddable":true,"href":"https:\/\/alfakherwelt.de\/es\/wp-json\/wp\/v2\/product_tag?post=1263"}],"curies":[{"name":"wp","href":"https:\/\/api.w.org\/{rel}","templated":true}]}}