{"id":1252,"date":"2024-11-22T02:49:09","date_gmt":"2024-11-22T02:49:09","guid":{"rendered":"https:\/\/alfakherwelt.de\/?post_type=product&#038;p=1252"},"modified":"2025-09-06T00:41:40","modified_gmt":"2025-09-06T00:41:40","slug":"al-fakher-crown-bar-8000-inhalaciones-cigarrillo-electronico-desechable-maracuya-dulce-16","status":"publish","type":"product","link":"https:\/\/alfakherwelt.de\/es\/producto\/al-fakher-crown-bar-8000-inhalaciones-cigarrillo-electronico-desechable-maracuya-dulce-16\/","title":{"rendered":"Airmez Matrix 25000 Z\u00fcge Einweg E Zigarette \u2013 Cherry Volcano \n\nse convierte en \n\nAirmez Matrix 25000 tiradas E cigarrillo desechable \u2013 Cherry Volcano"},"content":{"rendered":"<h2><\/h2>\n<div style=\"width: 1020px;\" class=\"wp-video\"><video class=\"wp-video-shortcode\" id=\"video-1252-1\" width=\"1020\" height=\"1020\" preload=\"metadata\" controls=\"controls\"><source type=\"video\/mp4\" src=\"https:\/\/alfakherwelt.de\/wp-content\/uploads\/2024\/11\/Airmez-Matrix-25000-3.mp4?_=1\" \/><a href=\"https:\/\/alfakherwelt.de\/wp-content\/uploads\/2024\/11\/Airmez-Matrix-25000-3.mp4\">https:\/\/alfakherwelt.de\/wp-content\/uploads\/2024\/11\/Airmez-Matrix-25000-3.mp4<\/a><\/video><\/div>\n<h2><\/h2>\n<h2><a href=\"https:\/\/alfakherwelt.de\/es\/categoria-de-producto\/matriz-airmez-25000\/\">Airmez Matrix 25000<\/a> Disposable Vape: Innovaci\u00f3n Premium para tu Experiencia de Vapeo<\/h2>\n<p>La <strong>Airmez Matrix 25000<\/strong> Es el ep\u00edtome de la calidad, el dise\u00f1o y la tecnolog\u00eda m\u00e1s avanzada en el \u00e1mbito de los cigarrillos electr\u00f3nicos desechables. Perfecto tanto para vapeadores experimentados como para principiantes, este modelo innovador ofrece una combinaci\u00f3n de sabor excepcional, manejo conveniente y funciones de \u00faltima generaci\u00f3n. Compre el cigarrillo electr\u00f3nico desechable Airmez Matrix 25K de forma exclusiva en nuestro sitio web. <strong>alfakherwelt.de<\/strong>, su proveedor l\u00edder de vapes desechables en Alemania.<\/p>\n<hr \/>\n<h2><strong>Descripci\u00f3n del producto<\/strong><\/h2>\n<p>La <strong>Airmez Matrix 25000 cigarrillo electr\u00f3nico desechable<\/strong> Establece nuevos est\u00e1ndares para una experiencia de vapeo intensa e incomparable. Con hasta 25.000 caladas y una variedad de funciones avanzadas, este dispositivo redefine el vapeo. La tecnolog\u00eda innovadora, combinada con una pantalla t\u00e1ctil moderna, hace que el Airmez Matrix 25K sea un compa\u00f1ero indispensable para aquellos que valoran la calidad y la facilidad de uso.<\/p>\n<p>Caracter\u00edsticas principales como las bobinas de malla dual aseguran una calefacci\u00f3n uniforme y maximizan el despliegue de aromas. Con dos modos diferentes - modo normal y modo boost - este dispositivo se adapta a sus preferencias individuales.<\/p>\n<hr \/>\n<h2><strong>Caracter\u00edsticas principales<\/strong><\/h2>\n<ul>\n<li><strong>Potencia m\u00e1xima:<\/strong> Hasta <strong>25.000 trenes<\/strong> en modo normal y <strong>15.000 trenes<\/strong> en modo turbo.<\/li>\n<li><strong>Bobinas de malla duales:<\/strong> Garantizan un sabor intenso y una producci\u00f3n de vapor uniforme.<\/li>\n<li><strong>Pantalla t\u00e1ctil:<\/strong> 2,1 pulgadas de pantalla para mostrar el nivel de bater\u00eda y el nivel de l\u00edquido electr\u00f3nico.<\/li>\n<li><strong>Manejo sencillo:<\/strong> Operaci\u00f3n activada por tir\u00f3n - no se requiere bot\u00f3n.<\/li>\n<li><strong>Flujo de aire ajustable:<\/strong> Individuaci\u00f3n personalizada para una experiencia de vapor \u00f3ptima.<\/li>\n<li><strong>Conector de carga USB-C:<\/strong> Carga r\u00e1pida y eficiente.<\/li>\n<li><strong>Nivel de nicotina:<\/strong> 5 % (50 mg) \u2013 para un golpe de nicotina satisfactorio.<\/li>\n<\/ul>\n<hr \/>\n<h2><strong>Por qu\u00e9 la <a href=\"https:\/\/alfakherwelt.de\/es\/categoria-de-producto\/matriz-airmez-25000\/\">Airmez Matrix 25000<\/a> elegir<\/strong><\/h2>\n<ol>\n<li><strong>Tecnolog\u00eda avanzada:<\/strong> La pantalla t\u00e1ctil hace que la operaci\u00f3n sea intuitiva e innovadora.<\/li>\n<li><strong>Insuperable durabilidad:<\/strong> Con hasta 25.000 caladas, este modelo dura considerablemente m\u00e1s que la mayor\u00eda de los dispositivos desechables.<\/li>\n<li><strong>Sabor intenso:<\/strong> Gracias a las bobinas de malla dual, experimentar\u00e1 cada aroma en su m\u00e1xima intensidad.<\/li>\n<li><strong>Amigable para el usuario<\/strong> Ideal para llevar - no requiere rellenar ni ajustes complicados.<\/li>\n<li><strong>Dise\u00f1o elegante:<\/strong> Elegante, compacta y f\u00e1cil de transportar.<\/li>\n<\/ol>\n<p><img loading=\"lazy\" decoding=\"async\" class=\"alignnone wp-image-1247 size-full\" src=\"https:\/\/alfakherwelt.de\/wp-content\/uploads\/2024\/11\/Airmez-Matrix-25000.webp\" alt=\"Airmez Matrix 25000 Z\u00fcge Einweg E Zigarette - Cherry Volcano Airmez Matrix 25000 tiradas cigarrillo electr\u00f3nico desechable - Cherry Volcano\" width=\"1016\" height=\"1452\" title=\"\" srcset=\"https:\/\/alfakherwelt.de\/wp-content\/uploads\/2024\/11\/Airmez-Matrix-25000.webp 1016w, https:\/\/alfakherwelt.de\/wp-content\/uploads\/2024\/11\/Airmez-Matrix-25000-210x300.webp 210w, https:\/\/alfakherwelt.de\/wp-content\/uploads\/2024\/11\/Airmez-Matrix-25000-717x1024.webp 717w, https:\/\/alfakherwelt.de\/wp-content\/uploads\/2024\/11\/Airmez-Matrix-25000-768x1098.webp 768w, https:\/\/alfakherwelt.de\/wp-content\/uploads\/2024\/11\/Airmez-Matrix-25000-8x12.webp 8w, https:\/\/alfakherwelt.de\/wp-content\/uploads\/2024\/11\/Airmez-Matrix-25000-600x857.webp 600w\" sizes=\"auto, (max-width: 1016px) 100vw, 1016px\" \/><\/p>\n<h2><strong>Sabores<\/strong><\/h2>\n<h3><strong>Cherry Volcano<\/strong><\/h3>\n<p>Sum\u00e9rjase en la combinaci\u00f3n explosiva de cerezas jugosas con un toque de frescura volc\u00e1nica. El intenso sabor a frutas se ve potenciado por el calentamiento preciso de las bobinas de malla dual y ofrece una experiencia de vapeo suave pero emocionante. Perfecto para los amantes de sabores dulces y frescos.<\/p>\n<hr \/>\n<h2><strong>Sabores en detalle<\/strong><\/h2>\n<p>La <strong>Airmez Matrix 25000<\/strong> Se destaca por sus sabores excepcionales. Cada variante se desarrolla cuidadosamente para brindarle la experiencia de sabor definitiva. El sabor Cherry Volcano combina la dulzura natural de las cerezas frescas con un toque refrescante y sutil. Cada inhalaci\u00f3n lo transporta a un viaje a trav\u00e9s de una combinaci\u00f3n armoniosa de dulzura y frescura, que se aprovecha perfectamente gracias a la tecnolog\u00eda innovadora del dispositivo. Este aroma mantiene su intensidad hasta la \u00faltima calada.<\/p>\n<hr \/>\n<h2><strong>Comprar ahora<\/strong><\/h2>\n<p>Experimente la revoluci\u00f3n del vapeo con la <strong>Airmez Matrix 25000<\/strong>Exclusivamente disponible en <a href=\"https:\/\/alfakherwelt.de\/es\/\"><strong>alfakherwelt.de<\/strong><\/a>, el mayor proveedor en l\u00ednea de cigarrillos electr\u00f3nicos desechables en Alemania. No pierda la oportunidad de disfrutar de la combinaci\u00f3n perfecta de estilo, tecnolog\u00eda y sabor.<\/p>\n<hr \/>\n<h3>Consejos para su estrategia de palabras clave:<\/h3>\n<ul>\n<li><strong>Cigarrillo electr\u00f3nico desechable Alemania<\/strong><\/li>\n<li><strong>Vapor comprar con nicotina<\/strong><\/li>\n<li><strong>Airmez Matrix 25000 Zug<\/strong><\/li>\n<li><strong>Vape Desechable Premium<\/strong><\/li>\n<\/ul>\n<p>Lassen Sie mich wissen, wenn Sie eine detaillierte Liste von Keywords f\u00fcr Ihre digitale Marketingstrategie ben\u00f6tigen!<\/p>","protected":false},"excerpt":{"rendered":"<div class=\"flex-shrink-0 flex flex-col relative items-end\">\n<div class=\"pt-0\">\n<div class=\"gizmo-shadow-stroke flex h-8 w-8 items-center justify-center overflow-hidden rounded-full\">\n<div class=\"h-full w-full\">\n<div class=\"flex-shrink-0 flex flex-col relative items-end\">\n<div class=\"pt-0\">\n<div class=\"gizmo-shadow-stroke flex h-8 w-8 items-center justify-center overflow-hidden rounded-full\">\n<div class=\"h-full w-full\">\n<div class=\"gizmo-shadow-stroke overflow-hidden rounded-full\">\n<div class=\"flex-1 overflow-hidden\">\n<div class=\"h-full\">\n<div class=\"react-scroll-to-bottom--css-nphjn-79elbk h-full\">\n<div class=\"react-scroll-to-bottom--css-nphjn-1n7m0yu\">\n<div class=\"flex flex-col text-sm md:pb-9\">\n<article class=\"w-full scroll-mb-[var(--thread-trailing-height,150px)] text-token-text-primary focus-visible:outline-2 focus-visible:outline-offset-[-4px]\" dir=\"auto\" data-testid=\"conversation-turn-5\" data-scroll-anchor=\"true\">\n<div class=\"m-auto text-base py-[18px] px-3 md:px-4 w-full md:px-5 lg:px-4 xl:px-5\">\n<div class=\"mx-auto flex flex-1 gap-4 text-base md:gap-5 lg:gap-6 md:max-w-3xl lg:max-w-[40rem] xl:max-w-[48rem]\">\n<div class=\"group\/conversation-turn relative flex w-full min-w-0 flex-col agent-turn\">\n<div class=\"flex-col gap-1 md:gap-3\">\n<div class=\"flex max-w-full flex-col flex-grow\">\n<div class=\"min-h-8 text-message flex w-full flex-col items-end gap-2 whitespace-normal break-words [.text-message+&amp;]:mt-5\" dir=\"auto\" data-message-author-role=\"assistant\" data-message-id=\"1982dcee-f0f5-4cfa-a269-fdbaed43d922\" data-message-model-slug=\"gpt-4o\">\n<div class=\"flex w-full flex-col gap-1 empty:hidden first:pt-[3px]\">\n<div class=\"markdown prose w-full break-words dark:prose-invert light\">\n<p>La<strong> Airmez Matrix 25000<\/strong> Cigarrillo electr\u00f3nico desechable de una sola vez que combina la \u00faltima tecnolog\u00eda, como bobinas de malla dual, una pantalla t\u00e1ctil de 2,1 pulgadas y flujo de aire ajustable con hasta 25.000 bocanadas, para ofrecer una experiencia de vapeo intensa, incomparable y f\u00e1cil de usar.<\/p>\n<\/div>\n<\/div>\n<\/div>\n<\/div>\n<div class=\"pr-2 lg:pr-0\"><\/div>\n<div class=\"mt-3 w-full empty:hidden\">\n<div class=\"text-center\"><\/div>\n<\/div>\n<\/div>\n<div class=\"absolute\">\n<div class=\"flex items-center justify-center\"><\/div>\n<\/div>\n<\/div>\n<\/div>\n<\/div>\n<\/article>\n<\/div>\n<\/div>\n<\/div>\n<\/div>\n<\/div>\n<div class=\"md:pt-0 dark:border-white\/20 md:border-transparent md:dark:border-transparent w-full\">\n<div>\n<div class=\"m-auto text-base px-3 md:px-4 w-full md:px-5 lg:px-4 xl:px-5\">\n<div class=\"mx-auto flex flex-1 gap-4 text-base md:gap-5 lg:gap-6 md:max-w-3xl lg:max-w-[40rem] xl:max-w-[48rem]\">\n<div class=\"flex justify-center\"><\/div>\n<\/div>\n<\/div>\n<\/div>\n<\/div>\n<\/div>\n<\/div>\n<\/div>\n<\/div>\n<\/div>\n<\/div>\n<\/div>\n<\/div>\n<\/div>","protected":false},"featured_media":1254,"comment_status":"open","ping_status":"closed","template":"","meta":[],"product_brand":[],"product_cat":[53],"product_tag":[],"class_list":{"0":"post-1252","1":"product","2":"type-product","3":"status-publish","4":"has-post-thumbnail","6":"product_cat-airmez-matrix-25000","8":"first","9":"instock","10":"sale","11":"shipping-taxable","12":"purchasable","13":"product-type-simple"},"jetpack_sharing_enabled":true,"_links":{"self":[{"href":"https:\/\/alfakherwelt.de\/es\/wp-json\/wp\/v2\/product\/1252","targetHints":{"allow":["GET"]}}],"collection":[{"href":"https:\/\/alfakherwelt.de\/es\/wp-json\/wp\/v2\/product"}],"about":[{"href":"https:\/\/alfakherwelt.de\/es\/wp-json\/wp\/v2\/types\/product"}],"replies":[{"embeddable":true,"href":"https:\/\/alfakherwelt.de\/es\/wp-json\/wp\/v2\/comments?post=1252"}],"wp:featuredmedia":[{"embeddable":true,"href":"https:\/\/alfakherwelt.de\/es\/wp-json\/wp\/v2\/media\/1254"}],"wp:attachment":[{"href":"https:\/\/alfakherwelt.de\/es\/wp-json\/wp\/v2\/media?parent=1252"}],"wp:term":[{"taxonomy":"product_brand","embeddable":true,"href":"https:\/\/alfakherwelt.de\/es\/wp-json\/wp\/v2\/product_brand?post=1252"},{"taxonomy":"product_cat","embeddable":true,"href":"https:\/\/alfakherwelt.de\/es\/wp-json\/wp\/v2\/product_cat?post=1252"},{"taxonomy":"product_tag","embeddable":true,"href":"https:\/\/alfakherwelt.de\/es\/wp-json\/wp\/v2\/product_tag?post=1252"}],"curies":[{"name":"wp","href":"https:\/\/api.w.org\/{rel}","templated":true}]}}