{"id":96,"date":"2024-09-02T02:58:11","date_gmt":"2024-09-02T02:58:11","guid":{"rendered":"https:\/\/alfakherwelt.de\/?page_id=96"},"modified":"2024-10-13T09:34:36","modified_gmt":"2024-10-13T09:34:36","slug":"sobre-nosotros","status":"publish","type":"page","link":"https:\/\/alfakherwelt.de\/es\/sobre-nosotros\/","title":{"rendered":"Sobre nosotros"},"content":{"rendered":"<h2><strong>Sobre Al Fakher World - Su fuente premium para cigarrillos electr\u00f3nicos desechables en Europa<\/strong><\/h2>\n<p>Bienvenido a <strong>Al Fakher Welt<\/strong>, su punto de encuentro para cigarrillos electr\u00f3nicos desechables de primera calidad de la marca Al Fakher, directamente desde Alemania. Estamos orgullosos de ofrecer una amplia gama de productos de vapeo premium que satisfacen a los vapeadores m\u00e1s exigentes. Ya sea que est\u00e9 buscando los \u00faltimos modelos de Al Fakher Crown Bar u otras innovaciones en el segmento de vapeo, aqu\u00ed encontrar\u00e1 una selecci\u00f3n que convence por calidad, dise\u00f1o y sabor.<\/p>\n<h3>Nuestra misi\u00f3n<\/h3>\n<p>En <strong>Al Fakher Welt<\/strong> Todo gira en torno al placer, el estilo y la comodidad de vapear. Queremos ofrecer a los vapeadores de toda Europa acceso a los mejores cigarrillos electr\u00f3nicos desechables Al Fakher, que destacan no solo por sus sabores de alta calidad, sino tambi\u00e9n por su dise\u00f1o elegante y su fiabilidad. Nuestro objetivo es llevar la experiencia de vapeo al siguiente nivel ofreciendo productos que marcan est\u00e1ndares en calidad y rendimiento.<\/p>\n<h3>Por qu\u00e9 Al Fakher Welt?<\/h3>\n<p>Somos m\u00e1s que una tienda en l\u00ednea de cigarrillos electr\u00f3nicos desechables. <strong>Al Fakher Welt<\/strong> No translation needed. \nsteht f\u00fcr:<\/p>\n<ul>\n<li><strong>Productos Premium exclusivos<\/strong>Nuestras selecci\u00f3n de cigarrillos electr\u00f3nicos desechables Al Fakher incluye, entre otros, los modelos <strong>Crown Bar 12000<\/strong>, <strong>Crown Bar 8000<\/strong>, <strong>Crown Bar Big Cloud 8000 PRO<\/strong> y <strong>Crown Bar Pro 8000<\/strong>Estos dispositivos son conocidos por su larga vida \u00fatil, su potente producci\u00f3n de vapor y sus intensos aromas.<\/li>\n<li><strong>Diversidad y flexibilidad<\/strong>: Da igual si eres un vapeador ocasional o un apasionado del vapeo - en nuestro sitio puedes pedir desde una sola pieza. Sin cantidad m\u00ednima de pedido, pero con m\u00e1xima flexibilidad.<\/li>\n<li><strong>Env\u00edo r\u00e1pido desde Europa<\/strong>Nuestros productos se env\u00edan desde un almac\u00e9n europeo, lo que nos permite garantizar tiempos de entrega de 3-7 d\u00edas dentro de la UE. Sin esperas, sin estr\u00e9s - simplemente ordena y disfruta.<\/li>\n<\/ul>\n<h3>Lo que nos distingue<\/h3>\n<p>En un mercado lleno de opciones se destaca <strong>Al Fakher Welt<\/strong> a trav\u00e9s de nuestra profunda comprensi\u00f3n de las necesidades de nuestros clientes. Apostamos por:<\/p>\n<ul>\n<li><strong>Sabores irresistibles<\/strong>Al Fakher es conocido desde hace a\u00f1os por sus sabores exquisitos y duraderos. Desde notas frutales hasta intensos aromas de tabaco, aqu\u00ed encontrar\u00e1 cada vapeador su favorito.<\/li>\n<li><strong>Formas de pago c\u00f3modas<\/strong>: Con o sin <strong>Paypal<\/strong>, <strong>Tarjeta de cr\u00e9dito<\/strong>, <strong>Transferencia bancaria SEPA<\/strong>, <strong>iDEAL<\/strong> (iquest) <strong>Bancontact<\/strong> (para clientes de B\u00e9lgica) \u2013 en nosotros paga como mejor le parezca. Mismo <strong>Criptomonedas<\/strong> Aceptamos para sus compras.<\/li>\n<li><strong>Servicio orientado al cliente<\/strong>Nuestro equipo de soporte est\u00e1 a su disposici\u00f3n en todo momento para ayudarlo con cualquier pregunta relacionada con nuestros productos y pedidos. Ofrecemos no solo un proceso de pedido sencillo, sino tambi\u00e9n recomendaciones personalizadas para brindarle la experiencia de vapeo perfecta.<\/li>\n<\/ul>\n<p><img loading=\"lazy\" decoding=\"async\" class=\"alignnone wp-image-559 size-full\" src=\"https:\/\/alfakherwelt.de\/wp-content\/uploads\/2024\/10\/Al-Fakher-8000-Pro-Dual-Mode1.webp\" alt=\"Al-Fakher-8000-Pro-Dual-Mode\" width=\"1013\" height=\"1086\" title=\"\" srcset=\"https:\/\/alfakherwelt.de\/wp-content\/uploads\/2024\/10\/Al-Fakher-8000-Pro-Dual-Mode1.webp 1013w, https:\/\/alfakherwelt.de\/wp-content\/uploads\/2024\/10\/Al-Fakher-8000-Pro-Dual-Mode1-280x300.webp 280w, https:\/\/alfakherwelt.de\/wp-content\/uploads\/2024\/10\/Al-Fakher-8000-Pro-Dual-Mode1-955x1024.webp 955w, https:\/\/alfakherwelt.de\/wp-content\/uploads\/2024\/10\/Al-Fakher-8000-Pro-Dual-Mode1-768x823.webp 768w, https:\/\/alfakherwelt.de\/wp-content\/uploads\/2024\/10\/Al-Fakher-8000-Pro-Dual-Mode1-600x643.webp 600w\" sizes=\"auto, (max-width: 1013px) 100vw, 1013px\" \/><\/p>\n<h3>Sus beneficios en Al Fakher Welt<\/h3>\n<p><strong>Env\u00edo gratuito<\/strong>Disfrute <strong>env\u00edo gratuito<\/strong> A partir de un valor de pedido de 49,99 \u20ac dentro de Alemania \u2013 porque queremos que obtenga sus productos favoritos de forma r\u00e1pida y sin costes adicionales.<\/p>\n<p><strong>Seguridad y calidad<\/strong>Todos nuestros productos cumplen con los est\u00e1ndares europeos m\u00e1s altos en materia de seguridad y control de calidad. As\u00ed puede estar seguro de que siempre recibe lo mejor, independientemente del modelo o sabor que elija.<\/p>\n<p><strong>Comunidad e informaci\u00f3n<\/strong>: Mant\u00e9ngase al d\u00eda con las \u00faltimas tendencias y desarrollos en el mundo de los cigarrillos electr\u00f3nicos. En nuestro sitio web y en nuestras redes sociales compartimos peri\u00f3dicamente informaci\u00f3n sobre nuevos productos, tecnolog\u00edas de vapor y consejos para vapeadores.<\/p>\n<h3>Cont\u00e1ctenos<\/h3>\n<p>\u00bfTiene preguntas sobre nuestros productos, m\u00e9todos de pago o desea realizar un pedido m\u00e1s grande? Nuestro servicio al cliente est\u00e1 disponible para usted por correo electr\u00f3nico bajo <strong><a rel=\"noopener\">info@alfakherwelt.de<\/a><\/strong> A su disposici\u00f3n. Nos complace ofrecerle una experiencia de vapeo de primera clase y asegurarnos de que vapee con estilo y placer.<\/p>","protected":false},"excerpt":{"rendered":"<p>Sobre Al Fakher Welt \u2013 Su fuente premium para cigarrillos electr\u00f3nicos desechables en Europa Bienvenidos a Al Fakher Welt, su destino para cigarrillos electr\u00f3nicos desechables de alta calidad de la marca Al Fakher, directamente desde Alemania. Estamos orgullosos de ofrecer una amplia gama de productos de vapeo premium que satisfacen a los vapeadores m\u00e1s exigentes. Ya sea que busque los \u00faltimos modelos de Al Fakher Crown Bar u otros [\u2026]","protected":false},"author":1,"featured_media":0,"parent":0,"menu_order":0,"comment_status":"closed","ping_status":"closed","template":"page-blank-title-center.php","meta":{"footnotes":""},"class_list":["post-96","page","type-page","status-publish","hentry"],"jetpack_sharing_enabled":true,"_links":{"self":[{"href":"https:\/\/alfakherwelt.de\/es\/wp-json\/wp\/v2\/pages\/96","targetHints":{"allow":["GET"]}}],"collection":[{"href":"https:\/\/alfakherwelt.de\/es\/wp-json\/wp\/v2\/pages"}],"about":[{"href":"https:\/\/alfakherwelt.de\/es\/wp-json\/wp\/v2\/types\/page"}],"author":[{"embeddable":true,"href":"https:\/\/alfakherwelt.de\/es\/wp-json\/wp\/v2\/users\/1"}],"replies":[{"embeddable":true,"href":"https:\/\/alfakherwelt.de\/es\/wp-json\/wp\/v2\/comments?post=96"}],"version-history":[{"count":0,"href":"https:\/\/alfakherwelt.de\/es\/wp-json\/wp\/v2\/pages\/96\/revisions"}],"wp:attachment":[{"href":"https:\/\/alfakherwelt.de\/es\/wp-json\/wp\/v2\/media?parent=96"}],"curies":[{"name":"wp","href":"https:\/\/api.w.org\/{rel}","templated":true}]}}