{"id":328,"date":"2024-09-04T13:02:05","date_gmt":"2024-09-04T13:02:05","guid":{"rendered":"https:\/\/alfakherwelt.de\/?page_id=328"},"modified":"2024-10-13T13:12:03","modified_gmt":"2024-10-13T13:12:03","slug":"comprar-cigarrillos-electronicos-con-tarjeta-de-credito","status":"publish","type":"page","link":"https:\/\/alfakherwelt.de\/es\/comprar-cigarrillos-electronicos-con-tarjeta-de-credito\/","title":{"rendered":"Comprar cigarrillos electr\u00f3nicos con tarjeta de cr\u00e9dito"},"content":{"rendered":"<p>Bienvenidos a Al Fakher Welt, su proveedor de confianza para cigarrillos electr\u00f3nicos desechables premium en Europa. Entendemos lo importante que es el confort y la seguridad al comprar sus productos favoritos. Es por eso que ofrecemos a nuestros clientes una forma de pago segura y sencilla con tarjeta de cr\u00e9dito.<\/p>\n<h4>Por qu\u00e9 comprar en Al Fakher World?<\/h4>\n<p>Al Fakher Welt se especializa en cigarrillos electr\u00f3nicos desechables de primera calidad de la reconocida marca Al Fakher, que incluyen modelos populares como Al Fakher Crown Bar 12000, Al Fakher Crown Bar 8000, Al Fakher Crown Bar Big Cloud 8000 PRO y AL Fakher Crown Bar Pro 8000. Nuestros productos ofrecen la m\u00e1xima calidad y una experiencia de vapeo \u00fanica: perfecta para los conocedores de toda la UE.<\/p>\n<p>Con nuestros servicios de env\u00edo de primera clase desde nuestro almac\u00e9n en Europa, garantizamos tiempos de entrega r\u00e1pidos de solo 3 a 7 d\u00edas dentro de la UE. Ya sea Alemania, Francia, Espa\u00f1a o Polonia, su compra llega de manera fiable y puntual.<\/p>\n<h4>Pagar con tarjeta de cr\u00e9dito de forma segura y sin preocupaciones<\/h4>\n<p>La seguridad es una preocupaci\u00f3n especial para nosotros. Por eso utilizamos la \u00faltima tecnolog\u00eda 3D Secure para proteger sus datos sensibles durante todo el proceso de pago. Puede estar seguro de que su pago con tarjeta de cr\u00e9dito se procesa de manera segura y eficiente con nosotros.<\/p>\n<h4>Tarjetas de cr\u00e9dito aceptadas<\/h4>\n<p>En Al Fakher Welt aceptamos todas las tarjetas de cr\u00e9dito comunes, incluyendo Visa, MasterCard y Maestro. Gracias a nuestro sistema de pago optimizado, puede ordenar r\u00e1pidamente y sin problemas sus sabores favoritos de Al Fakher y disfrutar de una experiencia de compra fluida.<\/p>\n<p><img loading=\"lazy\" decoding=\"async\" class=\"alignnone wp-image-603 size-full\" src=\"https:\/\/alfakherwelt.de\/wp-content\/uploads\/2024\/10\/credit-card.webp\" alt=\"\" width=\"518\" height=\"290\" title=\"\" srcset=\"https:\/\/alfakherwelt.de\/wp-content\/uploads\/2024\/10\/credit-card.webp 518w, https:\/\/alfakherwelt.de\/wp-content\/uploads\/2024\/10\/credit-card-300x168.webp 300w\" sizes=\"auto, (max-width: 518px) 100vw, 518px\" \/><\/p>\n<h4>Opciones de compra flexibles - Piezas individuales sin cantidad m\u00ednima de pedido<\/h4>\n<p>Sabemos que la flexibilidad es importante. Por eso, en nuestro sitio, puedes realizar tu pedido a partir de un solo cigarrillo electr\u00f3nico, sin cantidad m\u00ednima de pedido. Esto nos convierte en la elecci\u00f3n perfecta para compradores individuales que desean disfrutar de cigarrillos electr\u00f3nicos desechables de alta calidad sin restricciones.<\/p>\n<p>Adem\u00e1s, a partir de un valor de pedido de 49,99 \u20ac, se beneficiar\u00e1 de un env\u00edo gratuito dentro de Alemania.<\/p>\n<h4>Servicio al cliente y soporte<\/h4>\n<p>Nuestro amable servicio al cliente est\u00e1 a su disposici\u00f3n para responder a cualquier pregunta sobre pagos, env\u00edo o disponibilidad de productos. Valoramos mucho un servicio excelente y nos aseguramos de que su compra en Al Fakher Welt sea un placer.<\/p>\n<h4>Comience hoy mismo sus compras en Al Fakher Welt<\/h4>\n<p>Con nuestra amplia selecci\u00f3n de cigarrillos electr\u00f3nicos desechables Al Fakher, entrega r\u00e1pida y pagos con tarjeta de cr\u00e9dito seguros, Al Fakher Welt es su destino para productos de vapeo de primera calidad en Europa. Ya sea para uso personal o como regalo, seguro que encontrar\u00e1 lo que busca.<\/p>","protected":false},"excerpt":{"rendered":"<p>Bienvenido a Al Fakher Welt, su proveedor de confianza para cigarrillos electr\u00f3nicos desechables premium en Europa. Entendemos lo importante que es el confort y la seguridad al comprar sus productos favoritos. Por eso, ofrecemos a nuestros clientes una forma de pago segura y sencilla con tarjeta de cr\u00e9dito. \u00bfPor qu\u00e9 comprar en Al Fakher Welt? Al Fakher Welt se especializa en cigarrillos electr\u00f3nicos desechables de primera calidad de la reconocida marca Al Fakher [\u2026]","protected":false},"author":1,"featured_media":0,"parent":0,"menu_order":0,"comment_status":"closed","ping_status":"closed","template":"page-blank-title-center.php","meta":{"footnotes":""},"class_list":["post-328","page","type-page","status-publish","hentry"],"jetpack_sharing_enabled":true,"_links":{"self":[{"href":"https:\/\/alfakherwelt.de\/es\/wp-json\/wp\/v2\/pages\/328","targetHints":{"allow":["GET"]}}],"collection":[{"href":"https:\/\/alfakherwelt.de\/es\/wp-json\/wp\/v2\/pages"}],"about":[{"href":"https:\/\/alfakherwelt.de\/es\/wp-json\/wp\/v2\/types\/page"}],"author":[{"embeddable":true,"href":"https:\/\/alfakherwelt.de\/es\/wp-json\/wp\/v2\/users\/1"}],"replies":[{"embeddable":true,"href":"https:\/\/alfakherwelt.de\/es\/wp-json\/wp\/v2\/comments?post=328"}],"version-history":[{"count":0,"href":"https:\/\/alfakherwelt.de\/es\/wp-json\/wp\/v2\/pages\/328\/revisions"}],"wp:attachment":[{"href":"https:\/\/alfakherwelt.de\/es\/wp-json\/wp\/v2\/media?parent=328"}],"curies":[{"name":"wp","href":"https:\/\/api.w.org\/{rel}","templated":true}]}}