{"id":316,"date":"2024-09-04T13:00:30","date_gmt":"2024-09-04T13:00:30","guid":{"rendered":"https:\/\/alfakherwelt.de\/?page_id=316"},"modified":"2024-10-13T12:42:43","modified_gmt":"2024-10-13T12:42:43","slug":"asi-es-como-pides","status":"publish","type":"page","link":"https:\/\/alfakherwelt.de\/es\/asi-es-como-pides\/","title":{"rendered":"As\u00ed es como se ordena"},"content":{"rendered":"<p>Bienvenido a <strong>Al Fakher Welt<\/strong>, su tienda en l\u00ednea preferida para cigarrillos electr\u00f3nicos desechables premium en Europa. Ya sea que compre para uso personal o como parte de un negocio minorista, hemos dise\u00f1ado el proceso de pedido para que sea f\u00e1cil y sencillo. Siga estos pasos para pedir sus cigarrillos electr\u00f3nicos desechables Al Fakher preferidos sin estr\u00e9s:<\/p>\n<h4>Paso 1: Descubra nuestros productos<\/h4>\n<p><strong>Visitar p\u00e1gina de inicio<\/strong>Visite <a href=\"https:\/\/alfakherwelt.de\/es\/\" target=\"_new\" rel=\"noopener\">alfakherwelt.de<\/a>para empezar.<br \/>\n<strong>Selecci\u00f3n de productos<\/strong>: Haga clic en \u201cShop\u201d en el men\u00fa superior para explorar nuestra amplia selecci\u00f3n de cigarrillos electr\u00f3nicos desechables, incluidos los populares modelos Al Fakher Crown Bar 12000, Al Fakher Crown Bar 8000, y muchos m\u00e1s.<\/p>\n<h4>Paso 2: Seleccione su producto<\/h4>\n<p><strong>Seleccione marca o categor\u00eda<\/strong>: Seleccione una marca o categor\u00eda para encontrar el producto que se adapte a sus gustos. Cada producto se presenta con informaci\u00f3n detallada sobre sabores, caracter\u00edsticas y precios.<br \/>\n<strong>Ver detalles del producto<\/strong>: Haga clic en un producto para ver una descripci\u00f3n detallada, sabores disponibles y rese\u00f1as de los clientes.<\/p>\n<h4>Paso 3: Agregar producto al carrito de compras<\/h4>\n<p><strong>Seleccionar cantidad<\/strong>: Decida cu\u00e1ntas unidades desea pedir. No hay una cantidad m\u00ednima de pedido.<br \/>\n<strong>Agregar al carrito<\/strong>: Haga clic en el bot\u00f3n \"Agregar al carrito\" para agregar el producto a su carrito de compras.<\/p>\n<h4>Paso 4: Revisar su carrito de compras<\/h4>\n<p><strong>Ver carrito<\/strong>: Verifique su selecci\u00f3n haciendo clic en el icono del carrito de compras en la parte superior derecha de la p\u00e1gina.<br \/>\n<strong>Revisar productos<\/strong>: Aseg\u00farese de que todos los art\u00edculos y cantidades sean correctos.<br \/>\n<strong>Ir a la caja<\/strong>: Haga clic en \"Caja\" para iniciar el proceso de pedido.<\/p>\n<h4>Paso 5: Completar el pedido<\/h4>\n<p><strong>Ingresar informaci\u00f3n de la factura<\/strong>: Complete sus detalles de factura, incluyendo nombre, direcci\u00f3n e informaci\u00f3n de contacto.<br \/>\n<strong>Detalles de env\u00edo especificar<\/strong>: Si su direcci\u00f3n de env\u00edo es diferente a la direcci\u00f3n de facturaci\u00f3n, por favor complete la informaci\u00f3n correspondiente.<br \/>\n<strong>Seleccione el m\u00e9todo de pago<\/strong>Seleccione el m\u00e9todo de pago preferido. Aceptamos PayPal, tarjetas de cr\u00e9dito, transferencias SEPA, iDEAL, Bancontact e incluso criptomonedas.<\/p>\n<h4>Paso 6: Confirmar pedido<\/h4>\n<p><strong>Revisar pedido<\/strong>: Verifique todos los datos, incluidos los productos, las cantidades y el monto total.<br \/>\n<strong>Concluir la compra<\/strong>: Haga clic en el bot\u00f3n \"Enviar pedido\" para completar su compra.<\/p>\n<h4>Paso 7: Confirmaci\u00f3n del pedido<\/h4>\n<p><strong>Mensaje de confirmaci\u00f3n<\/strong>Recibir\u00e1n inmediatamente un mensaje de confirmaci\u00f3n en el sitio web con su n\u00famero de pedido.<br \/>\n<strong>Confirmaci\u00f3n de correo electr\u00f3nico<\/strong>: Verifique su bandeja de entrada de correo electr\u00f3nico para obtener una confirmaci\u00f3n con todos los detalles de su pedido.<\/p>\n<p>Muchas gracias por elegir <strong>Al Fakher Welt<\/strong> decidido! Si tiene alguna pregunta o problema, nuestro servicio al cliente est\u00e1 disponible en cualquier momento. Env\u00edenos un correo electr\u00f3nico a <a rel=\"noopener\">info@alfakherwelt.de<\/a>para obtener apoyo.<\/p>\n<p>Descubre tus sabores favoritos ahora y vapea con estilo.<\/p>","protected":false},"excerpt":{"rendered":"<p>Bienvenido a Al Fakher Welt, su tienda en l\u00ednea preferida para cigarrillos electr\u00f3nicos desechables premium en Europa. Ya sea que compre para uso personal o como parte de un negocio minorista, hemos dise\u00f1ado el proceso de pedido para que sea f\u00e1cil y sencillo. Siga estos pasos para pedir sus cigarrillos electr\u00f3nicos desechables Al Fakher favoritos sin estr\u00e9s: Paso 1: Descubra nuestros productos Visite la p\u00e1gina de inicio: Visite [\u2026]","protected":false},"author":1,"featured_media":0,"parent":0,"menu_order":0,"comment_status":"closed","ping_status":"closed","template":"page-blank-title-center.php","meta":{"footnotes":""},"class_list":["post-316","page","type-page","status-publish","hentry"],"jetpack_sharing_enabled":true,"_links":{"self":[{"href":"https:\/\/alfakherwelt.de\/es\/wp-json\/wp\/v2\/pages\/316","targetHints":{"allow":["GET"]}}],"collection":[{"href":"https:\/\/alfakherwelt.de\/es\/wp-json\/wp\/v2\/pages"}],"about":[{"href":"https:\/\/alfakherwelt.de\/es\/wp-json\/wp\/v2\/types\/page"}],"author":[{"embeddable":true,"href":"https:\/\/alfakherwelt.de\/es\/wp-json\/wp\/v2\/users\/1"}],"replies":[{"embeddable":true,"href":"https:\/\/alfakherwelt.de\/es\/wp-json\/wp\/v2\/comments?post=316"}],"version-history":[{"count":0,"href":"https:\/\/alfakherwelt.de\/es\/wp-json\/wp\/v2\/pages\/316\/revisions"}],"wp:attachment":[{"href":"https:\/\/alfakherwelt.de\/es\/wp-json\/wp\/v2\/media?parent=316"}],"curies":[{"name":"wp","href":"https:\/\/api.w.org\/{rel}","templated":true}]}}